{"id":4363,"date":"2017-05-05T15:22:08","date_gmt":"2017-05-05T15:22:08","guid":{"rendered":"https:\/\/engage.com.mx\/industrial\/quienes-somos\/"},"modified":"2025-07-03T20:42:10","modified_gmt":"2025-07-03T20:42:10","slug":"quienes-somos","status":"publish","type":"page","link":"https:\/\/www.industrialdetijuana.com\/es\/quienes-somos\/","title":{"rendered":"Qui\u00e9nes somos"},"content":{"rendered":"<div class=\"wpb-content-wrapper\"><p>[vc_row full_width=&#8221;stretch_row_content_no_spaces&#8221; equal_height=&#8221;yes&#8221; content_placement=&#8221;middle&#8221; bg_type=&#8221;bg_color&#8221; css=&#8221;.vc_custom_1713823839377{background-color: #f4f4f4 !important;}&#8221; bg_color_value=&#8221;#ffffff&#8221;][vc_column width=&#8221;1\/2&#8243; css=&#8221;.vc_custom_1713824380728{padding-top: 0px !important;background-image: url(https:\/\/www.industrialdetijuana.com\/wp-content\/uploads\/2024\/04\/plantas.jpg?id=3598) !important;background-position: center !important;background-repeat: no-repeat !important;background-size: cover !important;}&#8221; el_class=&#8221;mh-2-col-image-bg&#8221;][\/vc_column][vc_column width=&#8221;1\/2&#8243; css=&#8221;.vc_custom_1496231457062{padding-top: 0px !important;}&#8221; el_class=&#8221;mh-2-col-text&#8221;]<div class=\"mh-heading-wrapper--left \">\r\n\t\r\n        <div class=\"mh-heading-wrapper\">\r\n            <h2            class=\"mh-heading  mh-heading--bottom-separator   \"\r\n            style=\"font-weight:700;\">\r\n\t\t\tBienes Ra\u00edces Industriales Eficientes y Confiables en Tijuana        <\/h2>\r\n\r\n\t\t    <\/div>\r\n\r\n\t<\/div>[vc_column_text el_class=&#8221;mh-font-size-m&#8221;]En <em data-start=\"824\" data-end=\"847\">Industrial de Tijuana<\/em>, ayudamos a empresas globales a expandirse o reubicarse en Tijuana, M\u00e9xico \u2014 la puerta estrat\u00e9gica entre Am\u00e9rica del Norte y el mundo. Nos especializamos en bienes ra\u00edces industriales: naves modernas, plantas de manufactura y terrenos listos para desarrollo. Ofrecemos soluciones eficientes, transparentes y adaptadas a la estrategia de crecimiento de cada cliente.[\/vc_column_text][\/vc_column][\/vc_row][vc_row full_width=&#8221;stretch_row_content&#8221; bg_type=&#8221;bg_color&#8221; bg_color_value=&#8221;#f9f9f9&#8243;][vc_column css=&#8221;.vc_custom_1512407858131{padding-top: 12px !important;padding-bottom: 24px !important;}&#8221;][vc_row_inner][vc_column_inner width=&#8221;1\/2&#8243;]\r\n    <div class=\"\"\r\n         style=\"text-align:center;\">\r\n        <i class=\"flaticon-office mh-color-default\"\r\n           style=\"font-size:50px;\"><\/i>\r\n    <\/div>\r\n\r\n<div class=\" \">\r\n\t\r\n        <div class=\"mh-heading-wrapper\">\r\n            <h3            class=\"mh-heading  mh-heading--bottom-separator    vc_custom_1746562626756\"\r\n            style=\"font-weight:700;\">\r\n\t\t\tNuestra empresa        <\/h3>\r\n\r\n\t\t            <div class=\"mh-subheading \"\r\n                 style=\"\">\r\n\t\t\t\tNacimos con el prop\u00f3sito de transformar el crecimiento industrial en oportunidades. Industrial de Tijuana es una firma de corretaje enfocada en ofrecer soluciones con valor para empresas log\u00edsticas, manufactureras y desarrolladoras. Combinamos conocimiento local profundo con pr\u00e1cticas globales para encontrar la nave, terreno o proyecto ideal para cada cliente.            <\/div>\r\n\t\t    <\/div>\r\n\r\n\t<\/div>[\/vc_column_inner][vc_column_inner width=&#8221;1\/2&#8243;]\r\n    <div class=\"\"\r\n         style=\"text-align:center;\">\r\n        <i class=\"flaticon-technology mh-color-default\"\r\n           style=\"font-size:50px;\"><\/i>\r\n    <\/div>\r\n\r\n<div class=\" \">\r\n\t\r\n        <div class=\"mh-heading-wrapper\">\r\n            <h3            class=\"mh-heading  mh-heading--bottom-separator    vc_custom_1746562645772\"\r\n            style=\"font-weight:700;\">\r\n\t\t\tNuestra Visi\u00f3n        <\/h3>\r\n\r\n\t\t            <div class=\"mh-subheading \"\r\n                 style=\"\">\r\n\t\t\t\tSer la firma de bienes ra\u00edces industriales m\u00e1s confiable e influyente de Tijuana, ayudando a empresas globales a prosperar mediante decisiones de localizaci\u00f3n inteligentes y asesor\u00eda \u00e9tica basada en datos.            <\/div>\r\n\t\t    <\/div>\r\n\r\n\t<\/div>[\/vc_column_inner][\/vc_row_inner][\/vc_column][\/vc_row][vc_row full_width=&#8221;stretch_row_content_no_spaces&#8221; equal_height=&#8221;yes&#8221; content_placement=&#8221;middle&#8221; bg_type=&#8221;bg_color&#8221; css=&#8221;.vc_custom_1713824226395{background-color: #f4f4f4 !important;}&#8221; bg_color_value=&#8221;#ffffff&#8221;][vc_column width=&#8221;1\/2&#8243; css=&#8221;.vc_custom_1713824404307{padding-top: 0px !important;background-image: url(https:\/\/www.industrialdetijuana.com\/wp-content\/uploads\/2017\/10\/road-middle-grassy-field-with-leafless-trees-distance-blue-sky-scaled.jpg?id=3617) !important;background-position: center !important;background-repeat: no-repeat !important;background-size: cover !important;}&#8221; el_class=&#8221;mh-2-col-image-bg&#8221;][\/vc_column][vc_column width=&#8221;1\/2&#8243; css=&#8221;.vc_custom_1496231457062{padding-top: 0px !important;}&#8221; el_class=&#8221;mh-2-col-text&#8221;]<div class=\"mh-heading-wrapper--left \">\r\n\t\r\n        <div class=\"mh-heading-wrapper\">\r\n            <h2            class=\"mh-heading  mh-heading--bottom-separator   \"\r\n            style=\"font-weight:700;\">\r\n\t\t\tNuestros Valores        <\/h2>\r\n\r\n\t\t    <\/div>\r\n\r\n\t<\/div>[vc_column_text el_class=&#8221;mh-font-size-m&#8221;]<\/p>\n<ul>\n<li class=\"\" data-start=\"1851\" data-end=\"1939\">\n<p class=\"\" data-start=\"1853\" data-end=\"1939\"><strong data-start=\"1853\" data-end=\"1868\">Eficiencia:<\/strong> Simplificamos la complejidad, actuamos r\u00e1pido y entregamos resultados.<\/p>\n<\/li>\n<li class=\"\" data-start=\"1940\" data-end=\"2008\">\n<p class=\"\" data-start=\"1942\" data-end=\"2008\"><strong data-start=\"1942\" data-end=\"1957\">Honestidad:<\/strong> Ofrecemos orientaci\u00f3n clara y transparencia total.<\/p>\n<\/li>\n<li class=\"\" data-start=\"2009\" data-end=\"2068\">\n<p class=\"\" data-start=\"2011\" data-end=\"2068\"><strong data-start=\"2011\" data-end=\"2037\">Enfoque en el cliente:<\/strong> Tu \u00e9xito es nuestra prioridad.<\/p>\n<\/li>\n<li class=\"\" data-start=\"2069\" data-end=\"2149\">\n<p class=\"\" data-start=\"2071\" data-end=\"2149\"><strong data-start=\"2071\" data-end=\"2098\">Compartir conocimiento:<\/strong> Educamos y equipamos con las mejores herramientas.<\/p>\n<\/li>\n<li class=\"\" data-start=\"2150\" data-end=\"2263\">\n<p class=\"\" data-start=\"2152\" data-end=\"2263\"><strong data-start=\"2152\" data-end=\"2178\">Impacto a largo plazo:<\/strong> Medimos nuestro \u00e9xito por el valor que generamos para nuestros clientes y la regi\u00f3n.<\/p>\n<\/li>\n<\/ul>\n<p>[\/vc_column_text][\/vc_column][\/vc_row][vc_row full_width=&#8221;stretch_row&#8221; bg_type=&#8221;bg_color&#8221; bg_color_value=&#8221;#f9f9f9&#8243;][vc_column css=&#8221;.vc_custom_1494338314650{padding-top: 39px !important;padding-bottom: 24px !important;}&#8221;]<div class=\" \">\r\n\t\r\n        <div class=\"mh-heading-wrapper\">\r\n            <h2            class=\"mh-heading  mh-heading--bottom-separator   \"\r\n            style=\"font-weight:700;\">\r\n\t\t\tEmpresas que han confiado en nosotros        <\/h2>\r\n\r\n\t\t            <div class=\"mh-subheading \"\r\n                 style=\"\">\r\n\t\t\t\tClientes seleccionados a quienes hemos acompa\u00f1ado en su camino dentro del sector inmobiliario industrial            <\/div>\r\n\t\t    <\/div>\r\n\r\n\t<\/div>\t<div class=\"owl-carousel mh-clients owl-carousel--visible-3  \">\r\n\t\t\t\t\t<div class=\"item\">\r\n\t\t\t\t<div class=\"mh-client\">\r\n\t\t\t\t\t<img loading=\"lazy\" decoding=\"async\" width=\"400\" height=\"400\" src=\"https:\/\/www.industrialdetijuana.com\/wp-content\/uploads\/2025\/07\/ips.png\" class=\"attachment-full size-full wp-post-image\" alt=\"\" srcset=\"https:\/\/www.industrialdetijuana.com\/wp-content\/uploads\/2025\/07\/ips.png 400w, https:\/\/www.industrialdetijuana.com\/wp-content\/uploads\/2025\/07\/ips-300x300.png 300w, https:\/\/www.industrialdetijuana.com\/wp-content\/uploads\/2025\/07\/ips-150x150.png 150w, https:\/\/www.industrialdetijuana.com\/wp-content\/uploads\/2025\/07\/ips-200x200.png 200w, https:\/\/www.industrialdetijuana.com\/wp-content\/uploads\/2025\/07\/ips-100x100.png 100w\" sizes=\"auto, (max-width: 400px) 100vw, 400px\" \/>\t\t\t\t<\/div>\r\n\t\t\t<\/div>\r\n\t\t\t\t\t<div class=\"item\">\r\n\t\t\t\t<div class=\"mh-client\">\r\n\t\t\t\t\t<img loading=\"lazy\" decoding=\"async\" width=\"400\" height=\"400\" src=\"https:\/\/www.industrialdetijuana.com\/wp-content\/uploads\/2025\/07\/Quonset1-1.png\" class=\"attachment-full size-full wp-post-image\" alt=\"\" srcset=\"https:\/\/www.industrialdetijuana.com\/wp-content\/uploads\/2025\/07\/Quonset1-1.png 400w, https:\/\/www.industrialdetijuana.com\/wp-content\/uploads\/2025\/07\/Quonset1-1-300x300.png 300w, https:\/\/www.industrialdetijuana.com\/wp-content\/uploads\/2025\/07\/Quonset1-1-150x150.png 150w, https:\/\/www.industrialdetijuana.com\/wp-content\/uploads\/2025\/07\/Quonset1-1-200x200.png 200w, https:\/\/www.industrialdetijuana.com\/wp-content\/uploads\/2025\/07\/Quonset1-1-100x100.png 100w\" sizes=\"auto, (max-width: 400px) 100vw, 400px\" \/>\t\t\t\t<\/div>\r\n\t\t\t<\/div>\r\n\t\t\t\t\t<div class=\"item\">\r\n\t\t\t\t<div class=\"mh-client\">\r\n\t\t\t\t\t\t\t\t\t\t<a href=\"https:\/\/codecanyon.net\/?ref=TangibleDesign\" title=\"Eire Capital\" target=\"_blank\" rel=\"nofollow noopener\">\r\n\t\t\t\t\t\t<img loading=\"lazy\" decoding=\"async\" width=\"400\" height=\"400\" src=\"https:\/\/www.industrialdetijuana.com\/wp-content\/uploads\/2017\/02\/Logo-eire-web-2.png\" class=\"attachment-full size-full wp-post-image\" alt=\"\" srcset=\"https:\/\/www.industrialdetijuana.com\/wp-content\/uploads\/2017\/02\/Logo-eire-web-2.png 400w, https:\/\/www.industrialdetijuana.com\/wp-content\/uploads\/2017\/02\/Logo-eire-web-2-300x300.png 300w, https:\/\/www.industrialdetijuana.com\/wp-content\/uploads\/2017\/02\/Logo-eire-web-2-150x150.png 150w, https:\/\/www.industrialdetijuana.com\/wp-content\/uploads\/2017\/02\/Logo-eire-web-2-200x200.png 200w, https:\/\/www.industrialdetijuana.com\/wp-content\/uploads\/2017\/02\/Logo-eire-web-2-100x100.png 100w\" sizes=\"auto, (max-width: 400px) 100vw, 400px\" \/>\t\t\t\t\t<\/a>\r\n\t\t\t\t\t\t\t\t<\/div>\r\n\t\t\t<\/div>\r\n\t\t\t\t\t<div class=\"item\">\r\n\t\t\t\t<div class=\"mh-client\">\r\n\t\t\t\t\t\t\t\t\t\t<a href=\"https:\/\/codecanyon.net\/?ref=TangibleDesign\" title=\"Thor Urbana\" target=\"_blank\" rel=\"nofollow noopener\">\r\n\t\t\t\t\t\t<img loading=\"lazy\" decoding=\"async\" width=\"400\" height=\"400\" src=\"https:\/\/www.industrialdetijuana.com\/wp-content\/uploads\/2017\/02\/ThorUrban.png\" class=\"attachment-full size-full wp-post-image\" alt=\"\" srcset=\"https:\/\/www.industrialdetijuana.com\/wp-content\/uploads\/2017\/02\/ThorUrban.png 400w, https:\/\/www.industrialdetijuana.com\/wp-content\/uploads\/2017\/02\/ThorUrban-300x300.png 300w, https:\/\/www.industrialdetijuana.com\/wp-content\/uploads\/2017\/02\/ThorUrban-150x150.png 150w, https:\/\/www.industrialdetijuana.com\/wp-content\/uploads\/2017\/02\/ThorUrban-200x200.png 200w, https:\/\/www.industrialdetijuana.com\/wp-content\/uploads\/2017\/02\/ThorUrban-100x100.png 100w\" sizes=\"auto, (max-width: 400px) 100vw, 400px\" \/>\t\t\t\t\t<\/a>\r\n\t\t\t\t\t\t\t\t<\/div>\r\n\t\t\t<\/div>\r\n\t\t\t\t\t<div class=\"item\">\r\n\t\t\t\t<div class=\"mh-client\">\r\n\t\t\t\t\t\t\t\t\t\t<a href=\"https:\/\/graphicriver.net\/?ref=TangibleDesign\" title=\"Meiyingsen\" target=\"_blank\" rel=\"nofollow noopener\">\r\n\t\t\t\t\t\t<img loading=\"lazy\" decoding=\"async\" width=\"400\" height=\"400\" src=\"https:\/\/www.industrialdetijuana.com\/wp-content\/uploads\/2017\/02\/OIP2.png\" class=\"attachment-full size-full wp-post-image\" alt=\"\" srcset=\"https:\/\/www.industrialdetijuana.com\/wp-content\/uploads\/2017\/02\/OIP2.png 400w, https:\/\/www.industrialdetijuana.com\/wp-content\/uploads\/2017\/02\/OIP2-300x300.png 300w, https:\/\/www.industrialdetijuana.com\/wp-content\/uploads\/2017\/02\/OIP2-150x150.png 150w, https:\/\/www.industrialdetijuana.com\/wp-content\/uploads\/2017\/02\/OIP2-200x200.png 200w, https:\/\/www.industrialdetijuana.com\/wp-content\/uploads\/2017\/02\/OIP2-100x100.png 100w\" sizes=\"auto, (max-width: 400px) 100vw, 400px\" \/>\t\t\t\t\t<\/a>\r\n\t\t\t\t\t\t\t\t<\/div>\r\n\t\t\t<\/div>\r\n\t\t\t<\/div>\r\n[\/vc_column][\/vc_row]<\/p>\n<\/div>","protected":false},"excerpt":{"rendered":"<p>[vc_row full_width=&#8221;stretch_row_content_no_spaces&#8221; equal_height=&#8221;yes&#8221; content_placement=&#8221;middle&#8221; bg_type=&#8221;bg_color&#8221; css=&#8221;.vc_custom_1713823839377{background-color: #f4f4f4 !important;}&#8221; bg_color_value=&#8221;#ffffff&#8221;][vc_column width=&#8221;1\/2&#8243; css=&#8221;.vc_custom_1713824380728{padding-top: 0px !important;background-image: url(https:\/\/www.industrialdetijuana.com\/wp-content\/uploads\/2024\/04\/plantas.jpg?id=3598) !important;background-position: center !important;background-repeat: no-repeat !important;background-size: cover !important;}&#8221; el_class=&#8221;mh-2-col-image-bg&#8221;][\/vc_column][vc_column width=&#8221;1\/2&#8243; css=&#8221;.vc_custom_1496231457062{padding-top: 0px !important;}&#8221; el_class=&#8221;mh-2-col-text&#8221;][vc_column_text el_class=&#8221;mh-font-size-m&#8221;]En Industrial de Tijuana, ayudamos a empresas globales a expandirse o reubicarse en Tijuana, M\u00e9xico \u2014 la puerta estrat\u00e9gica entre Am\u00e9rica del Norte y el mundo. Nos especializamos [&hellip;]<\/p>\n","protected":false},"author":1,"featured_media":0,"parent":0,"menu_order":0,"comment_status":"closed","ping_status":"closed","template":"page_full-width-with-top-title.php","meta":{"_acf_changed":false,"footnotes":""},"class_list":["post-4363","page","type-page","status-publish","hentry"],"acf":{"page_header":"default","term_image_wide":false},"_links":{"self":[{"href":"https:\/\/www.industrialdetijuana.com\/es\/wp-json\/wp\/v2\/pages\/4363","targetHints":{"allow":["GET"]}}],"collection":[{"href":"https:\/\/www.industrialdetijuana.com\/es\/wp-json\/wp\/v2\/pages"}],"about":[{"href":"https:\/\/www.industrialdetijuana.com\/es\/wp-json\/wp\/v2\/types\/page"}],"author":[{"embeddable":true,"href":"https:\/\/www.industrialdetijuana.com\/es\/wp-json\/wp\/v2\/users\/1"}],"replies":[{"embeddable":true,"href":"https:\/\/www.industrialdetijuana.com\/es\/wp-json\/wp\/v2\/comments?post=4363"}],"version-history":[{"count":8,"href":"https:\/\/www.industrialdetijuana.com\/es\/wp-json\/wp\/v2\/pages\/4363\/revisions"}],"predecessor-version":[{"id":6793,"href":"https:\/\/www.industrialdetijuana.com\/es\/wp-json\/wp\/v2\/pages\/4363\/revisions\/6793"}],"wp:attachment":[{"href":"https:\/\/www.industrialdetijuana.com\/es\/wp-json\/wp\/v2\/media?parent=4363"}],"curies":[{"name":"wp","href":"https:\/\/api.w.org\/{rel}","templated":true}]}}