{"id":4369,"date":"2024-04-23T22:32:46","date_gmt":"2024-04-23T22:32:46","guid":{"rendered":"https:\/\/engage.com.mx\/industrial\/analisis-de-mercado\/"},"modified":"2025-06-10T20:15:46","modified_gmt":"2025-06-10T20:15:46","slug":"analisis-de-mercado","status":"publish","type":"page","link":"https:\/\/www.industrialdetijuana.com\/es\/analisis-de-mercado\/","title":{"rendered":"Perspectivas del mercado"},"content":{"rendered":"<div class=\"wpb-content-wrapper\"><p>[vc_row][vc_column][vc_column_text]<\/p>\n<h3><em><strong>Tu Gu\u00eda Estrat\u00e9gica para el Nearshoring en M\u00e9xico, Renta de Naves Industriales en Tijuana y Expansi\u00f3n Manufacturera<\/strong><\/em><\/h3>\n<p>[\/vc_column_text][vc_column_text]Antes de rentar una nave industrial en Tijuana, te recomendamos revisar nuestra secci\u00f3n de <strong><a href=\"https:\/\/www.industrialdetijuana.com\/successful-stories\/\">Market Insights y Casos de \u00c9xito<\/a><\/strong>. Este recurso est\u00e1 dise\u00f1ado para ayudar a <strong>CEOs, CFOs y COOs<\/strong> de empresas manufactureras y de log\u00edstica a identificar riesgos clave y tomar decisiones informadas. Cubre temas esenciales como el <strong><a href=\"https:\/\/www.eleconomista.com.mx\/empresas\/Que-es-el-nearshoring-20221108-0093.html\" target=\"_blank\" rel=\"noopener noreferrer nofollow\">nearshoring en M\u00e9xico<\/a><\/strong>, el <strong>costo de construcci\u00f3n de una nave industrial<\/strong> y las complejidades de la <strong>relocalizaci\u00f3n corporativa a Tijuana<\/strong>. Estos an\u00e1lisis pueden ayudarte a evitar errores costosos y alinear tu inversi\u00f3n con una estrategia de largo plazo. Con el crecimiento acelerado del sector industrial en <strong>Baja California<\/strong>, nuestro contenido brinda a los l\u00edderes las herramientas necesarias para navegar con confianza el panorama cambiante de la regi\u00f3n.<br \/>\n[\/vc_column_text][\/vc_column][\/vc_row][vc_row][vc_column][vc_masonry_grid post_type=&#8221;market_insights&#8221; max_items=&#8221;10&#8243; style=&#8221;load-more&#8221; grid_id=&#8221;vc_gid:1749586142371-d6fdafea-c823-6&#8243;][\/vc_column][\/vc_row]<\/p>\n<\/div>","protected":false},"excerpt":{"rendered":"<p>[vc_row][vc_column][vc_column_text] Tu Gu\u00eda Estrat\u00e9gica para el Nearshoring en M\u00e9xico, Renta de Naves Industriales en Tijuana y Expansi\u00f3n Manufacturera [\/vc_column_text][vc_column_text]Antes de rentar una nave industrial en Tijuana, te recomendamos revisar nuestra secci\u00f3n de Market Insights y Casos de \u00c9xito. Este recurso est\u00e1 dise\u00f1ado para ayudar a CEOs, CFOs y COOs de empresas manufactureras y de log\u00edstica [&hellip;]<\/p>\n","protected":false},"author":2,"featured_media":0,"parent":0,"menu_order":0,"comment_status":"closed","ping_status":"closed","template":"","meta":{"_acf_changed":false,"footnotes":""},"class_list":["post-4369","page","type-page","status-publish","hentry"],"acf":{"page_header":"default"},"_links":{"self":[{"href":"https:\/\/www.industrialdetijuana.com\/es\/wp-json\/wp\/v2\/pages\/4369","targetHints":{"allow":["GET"]}}],"collection":[{"href":"https:\/\/www.industrialdetijuana.com\/es\/wp-json\/wp\/v2\/pages"}],"about":[{"href":"https:\/\/www.industrialdetijuana.com\/es\/wp-json\/wp\/v2\/types\/page"}],"author":[{"embeddable":true,"href":"https:\/\/www.industrialdetijuana.com\/es\/wp-json\/wp\/v2\/users\/2"}],"replies":[{"embeddable":true,"href":"https:\/\/www.industrialdetijuana.com\/es\/wp-json\/wp\/v2\/comments?post=4369"}],"version-history":[{"count":16,"href":"https:\/\/www.industrialdetijuana.com\/es\/wp-json\/wp\/v2\/pages\/4369\/revisions"}],"predecessor-version":[{"id":6576,"href":"https:\/\/www.industrialdetijuana.com\/es\/wp-json\/wp\/v2\/pages\/4369\/revisions\/6576"}],"wp:attachment":[{"href":"https:\/\/www.industrialdetijuana.com\/es\/wp-json\/wp\/v2\/media?parent=4369"}],"curies":[{"name":"wp","href":"https:\/\/api.w.org\/{rel}","templated":true}]}}