{"id":4408,"date":"2024-06-14T18:50:49","date_gmt":"2024-06-14T18:50:49","guid":{"rendered":"https:\/\/engage.com.mx\/industrial\/categorias\/"},"modified":"2025-06-09T20:05:21","modified_gmt":"2025-06-09T20:05:21","slug":"bienes-raices-industriales-en-tijuana","status":"publish","type":"page","link":"https:\/\/www.industrialdetijuana.com\/es\/bienes-raices-industriales-en-tijuana\/","title":{"rendered":"Categor\u00edas"},"content":{"rendered":"<div class=\"wpb-content-wrapper\"><p>[vc_row][vc_column][vc_column_text]<\/p>\n<h1 style=\"text-align: center;\">Las Mejores Bienes Ra\u00edces Industriales en Tijuana en Renta o Venta<\/h1>\n<p><strong>Bienes ra\u00edces industriales en Tijuana<\/strong> ofrece oportunidades destacadas en <strong>naves industriales<\/strong>, <strong>bodegas industriales<\/strong>, <strong>plantas de manufactura<\/strong>, <strong>terrenos industriales<\/strong> y locales comerciales dentro de los <strong>parques industriales en Tijuana<\/strong> m\u00e1s estrat\u00e9gicos, como FINSA, Otay, Pac\u00edfico y otros. Ya sea que busques arrendar o comprar, nuestras propiedades est\u00e1n dise\u00f1adas para satisfacer las necesidades de log\u00edstica, manufactura e inversi\u00f3n empresarial.<\/p>\n<h2 style=\"text-align: center;\">Explora Categor\u00edas de Bienes Ra\u00edces Industriales en Tijuana<\/h2>\n<p>[\/vc_column_text][\/vc_column][\/vc_row][vc_row full_height=&#8221;yes&#8221; columns_placement=&#8221;top&#8221; equal_height=&#8221;yes&#8221;][vc_column width=&#8221;1\/4&#8243;][vc_single_image image=&#8221;5560&#8243; img_size=&#8221;full&#8221; css=&#8221;.vc_custom_1746570769490{margin-bottom: 0px !important;border-bottom-width: 0px !important;}&#8221;][vc_cta h2=&#8221;MANUFACTURA&#8221; h2_font_container=&#8221;tag:h2|font_size:20|text_align:center&#8221; h2_google_fonts=&#8221;font_family:Montserrat%3Aregular%2C700|font_style:700%20bold%20regular%3A700%3Anormal&#8221; txt_align=&#8221;center&#8221; add_button=&#8221;bottom&#8221; btn_title=&#8221;VER DISPONIBILIDAD&#8221; btn_style=&#8221;classic&#8221; btn_color=&#8221;juicy-pink&#8221; btn_align=&#8221;center&#8221; use_custom_fonts_h2=&#8221;true&#8221; btn_link=&#8221;url:https%3A%2F%2Fwww.industrialdetijuana.com%2Fes%2Fnaves-industriales%2F|title:Naves%20Industrial&#8221; css=&#8221;.vc_custom_1746660916783{margin-top: 0px !important;border-top-width: 0px !important;background-color: #f9f9f9 !important;border-top-style: solid !important;border-radius: 1px !important;}&#8221;][\/vc_cta][vc_column_text]Explora <strong>plantas de manufactura en Tijuana<\/strong> dise\u00f1adas para operaciones de maquiladora y log\u00edstica. Estas <strong>naves industriales<\/strong> est\u00e1n ubicadas en parques de alta demanda como FINSA y <a href=\"https:\/\/www.industrialdetijuana.com\/successful_stories\/beating-the-competition-in-tijuanas-otay-market-securing-a-high-return-industrial-property-case-study\/\">Otay<\/a>, con acceso a mano de obra calificada e infraestructura industrial de primer nivel.<br \/>\n[\/vc_column_text][\/vc_column][vc_column width=&#8221;1\/4&#8243;][vc_single_image image=&#8221;6097&#8243; img_size=&#8221;full&#8221; css=&#8221;.vc_custom_1746571455051{margin-bottom: 0px !important;border-bottom-width: 0px !important;}&#8221;][vc_cta h2=&#8221;TERRENOS&#8221; h2_font_container=&#8221;tag:h2|font_size:20|text_align:center&#8221; h2_google_fonts=&#8221;font_family:Montserrat%3Aregular%2C700|font_style:700%20bold%20regular%3A700%3Anormal&#8221; txt_align=&#8221;center&#8221; add_button=&#8221;bottom&#8221; btn_title=&#8221;VER DISPONIBILIDAD&#8221; btn_style=&#8221;classic&#8221; btn_color=&#8221;juicy-pink&#8221; btn_align=&#8221;center&#8221; use_custom_fonts_h2=&#8221;true&#8221; btn_link=&#8221;url:https%3A%2F%2Fwww.industrialdetijuana.com%2Fes%2Fterrenos%2F|title:Instalaci%C3%B3n%20Industrial&#8221; css=&#8221;.vc_custom_1746661089970{margin-top: 0px !important;border-top-width: 0px !important;background-color: #f9f9f9 !important;border-top-style: solid !important;border-radius: 1px !important;}&#8221;][\/vc_cta][vc_column_text]Explora <strong>terrenos industriales en Tijuana<\/strong> ideales para el desarrollo de proyectos. Estos lotes est\u00e1n ubicados en zonas industriales clave como Pac\u00edfico y La Jolla, perfectos para construir <strong>naves industriales<\/strong> o plantas de manufactura.<br \/>\n[\/vc_column_text][\/vc_column][vc_column width=&#8221;1\/4&#8243;][vc_single_image image=&#8221;6101&#8243; img_size=&#8221;full&#8221; css=&#8221;.vc_custom_1746571730276{margin-bottom: 0px !important;border-bottom-width: 0px !important;}&#8221;][vc_cta h2=&#8221;COMERCIAL&#8221; h2_font_container=&#8221;tag:h2|font_size:20|text_align:center&#8221; h2_google_fonts=&#8221;font_family:Montserrat%3Aregular%2C700|font_style:700%20bold%20regular%3A700%3Anormal&#8221; txt_align=&#8221;center&#8221; add_button=&#8221;bottom&#8221; btn_title=&#8221;VER DISPONIBILIDAD&#8221; btn_style=&#8221;classic&#8221; btn_color=&#8221;juicy-pink&#8221; btn_align=&#8221;center&#8221; use_custom_fonts_h2=&#8221;true&#8221; btn_link=&#8221;url:https%3A%2F%2Fwww.industrialdetijuana.com%2Fes%2Flocales-comerciales%2F|title:Instalaci%C3%B3n%20Industrial&#8221; css=&#8221;.vc_custom_1746661250282{margin-top: 0px !important;border-top-width: 0px !important;background-color: #f9f9f9 !important;border-top-style: solid !important;border-radius: 1px !important;}&#8221;][\/vc_cta][vc_column_text]Descubre <strong>locales comerciales en renta en Tijuana<\/strong> ubicados en zonas industriales y residenciales de alto tr\u00e1fico. Son ideales para servicios que atienden a <a href=\"https:\/\/www.mms-mexico.com\/articulos\/clusteres-industriales-en-mexico-vinculacion-y-colaboracion-para-el-desarrollo-regional\" target=\"_blank\" rel=\"dofollow noopener\">cl\u00fasteres de manufactura<\/a> cercanos.<br \/>\n[\/vc_column_text][\/vc_column][vc_column width=&#8221;1\/4&#8243;][vc_single_image image=&#8221;6105&#8243; img_size=&#8221;full&#8221; css=&#8221;.vc_custom_1746571902021{margin-bottom: 0px !important;border-bottom-width: 0px !important;}&#8221;][vc_cta h2=&#8221;BODEGAS&#8221; h2_font_container=&#8221;tag:h2|font_size:20|text_align:center&#8221; h2_google_fonts=&#8221;font_family:Montserrat%3Aregular%2C700|font_style:700%20bold%20regular%3A700%3Anormal&#8221; txt_align=&#8221;center&#8221; add_button=&#8221;bottom&#8221; btn_title=&#8221;VER DISPONIBILIDAD&#8221; btn_style=&#8221;classic&#8221; btn_color=&#8221;juicy-pink&#8221; btn_align=&#8221;center&#8221; use_custom_fonts_h2=&#8221;true&#8221; btn_link=&#8221;url:https%3A%2F%2Fwww.industrialdetijuana.com%2Fes%2Fbodegas%2F|title:Oficinas&#8221; css=&#8221;.vc_custom_1746661369179{margin-top: 0px !important;border-top-width: 0px !important;background-color: #f9f9f9 !important;border-top-style: solid !important;border-radius: 1px !important;}&#8221;][\/vc_cta][vc_column_text]Encuentra <strong>bodegas industriales en Tijuana en renta o venta<\/strong> con techos altos, andenes de carga y capacidad para operaciones de alto impacto. Estas <strong>naves industriales<\/strong> est\u00e1n disponibles en parques clave como FINSA, Pac\u00edfico y Chilpancingo.<br \/>\n[\/vc_column_text][\/vc_column][\/vc_row][vc_row][vc_column][vc_column_text]Nos especializamos en soluciones de <strong>bienes ra\u00edces industriales en Tijuana<\/strong>, ofreciendo servicios de alto impacto para empresas que buscan arrendar o invertir en las zonas industriales m\u00e1s competitivas de la ciudad. Nuestro portafolio de <strong>bienes ra\u00edces industriales en Tijuana<\/strong> incluye naves industriales, plantas de manufactura, centros log\u00edsticos y terrenos industriales adaptados a las necesidades espec\u00edficas de los sectores log\u00edstico, maquilador y manufacturero. Ya sea que est\u00e9s expandi\u00e9ndote, reubic\u00e1ndote o invirtiendo, nuestra experiencia en <strong>bienes ra\u00edces industriales en Tijuana<\/strong> te garantiza encontrar la ubicaci\u00f3n adecuada para maximizar eficiencia y acelerar el crecimiento de tu empresa.<br \/>\n[\/vc_column_text][\/vc_column][\/vc_row]<\/p>\n<\/div>","protected":false},"excerpt":{"rendered":"<p>[vc_row][vc_column][vc_column_text] Las Mejores Bienes Ra\u00edces Industriales en Tijuana en Renta o Venta Bienes ra\u00edces industriales en Tijuana ofrece oportunidades destacadas en naves industriales, bodegas industriales, plantas de manufactura, terrenos industriales y locales comerciales dentro de los parques industriales en Tijuana m\u00e1s estrat\u00e9gicos, como FINSA, Otay, Pac\u00edfico y otros. Ya sea que busques arrendar o comprar, [&hellip;]<\/p>\n","protected":false},"author":2,"featured_media":0,"parent":0,"menu_order":0,"comment_status":"closed","ping_status":"closed","template":"","meta":{"_acf_changed":false,"footnotes":""},"class_list":["post-4408","page","type-page","status-publish","hentry"],"acf":{"page_header":"default"},"_links":{"self":[{"href":"https:\/\/www.industrialdetijuana.com\/es\/wp-json\/wp\/v2\/pages\/4408","targetHints":{"allow":["GET"]}}],"collection":[{"href":"https:\/\/www.industrialdetijuana.com\/es\/wp-json\/wp\/v2\/pages"}],"about":[{"href":"https:\/\/www.industrialdetijuana.com\/es\/wp-json\/wp\/v2\/types\/page"}],"author":[{"embeddable":true,"href":"https:\/\/www.industrialdetijuana.com\/es\/wp-json\/wp\/v2\/users\/2"}],"replies":[{"embeddable":true,"href":"https:\/\/www.industrialdetijuana.com\/es\/wp-json\/wp\/v2\/comments?post=4408"}],"version-history":[{"count":8,"href":"https:\/\/www.industrialdetijuana.com\/es\/wp-json\/wp\/v2\/pages\/4408\/revisions"}],"predecessor-version":[{"id":6503,"href":"https:\/\/www.industrialdetijuana.com\/es\/wp-json\/wp\/v2\/pages\/4408\/revisions\/6503"}],"wp:attachment":[{"href":"https:\/\/www.industrialdetijuana.com\/es\/wp-json\/wp\/v2\/media?parent=4408"}],"curies":[{"name":"wp","href":"https:\/\/api.w.org\/{rel}","templated":true}]}}