{"id":4412,"date":"2024-04-23T17:59:58","date_gmt":"2024-04-23T17:59:58","guid":{"rendered":"https:\/\/engage.com.mx\/industrial\/terrenos\/"},"modified":"2025-06-09T22:17:24","modified_gmt":"2025-06-09T22:17:24","slug":"terrenos","status":"publish","type":"page","link":"https:\/\/www.industrialdetijuana.com\/es\/terrenos\/","title":{"rendered":"Terrenos"},"content":{"rendered":"<div class=\"wpb-content-wrapper\"><p>[vc_row full_width=&#8221;stretch_row_content_no_spaces&#8221;][vc_column]\t\t<listing-map\r\n\t\t\tid=\"myhome-listing-map\"\r\n\t\t\tconfig-key=\"MyHomeMapListing1776370360\"\r\n\t\t\t\t\t\t\t\t>\r\n\t\t<\/listing-map>\r\n\t\t[\/vc_column][\/vc_row][vc_row][vc_column]\t\t<listing-grid\r\n\t\t\tid=\"myhome-listing-grid\"\r\n\t\t\tclass=\"\"\r\n\t\t\tconfig-key='MyHomeListing1776370360'\r\n\t\t>\r\n\t\t\t\t\t<\/listing-grid>\r\n\t\t[\/vc_column][\/vc_row][vc_row disable_element=&#8221;yes&#8221;][vc_column]    <div class=\"mh-grid\">\r\n\t\t            <div class=\"mh-grid__1of3\">\r\n                <div class=\" mh-attribute-category__lots-es \">\r\n                    <article class=\"mh-estate-vertical mh-estate-vertical--list\">\r\n\t\t\t\t\t\t\r\n                        <a href=\"https:\/\/www.industrialdetijuana.com\/es\/properties\/terrenos\/\"\r\n                           title=\"Terrenos\"\r\n                           class=\"mh-thumbnail\"\r\n\t\t\t\t\t\t\t                        >\r\n\r\n\t\t\t\t\t\t\t                                <div class=\"mh-thumbnail__inner\">\r\n\t\t\t\t\t\t\t\t\t\t\t<img\r\n\t\t\t\t\t\t\tdata-srcset=\"https:\/\/www.industrialdetijuana.com\/wp-content\/uploads\/2017\/10\/aerial-view-road-driving-through-countryside-florence-tuscany-italy-min-scaled.jpg 2560w, https:\/\/www.industrialdetijuana.com\/wp-content\/uploads\/2017\/10\/aerial-view-road-driving-through-countryside-florence-tuscany-italy-min-300x200.jpg 300w\"\r\n\t\t\t\tclass=\"lazyload \"\r\n\t\t\t\tdata-sizes=\"auto\"\r\n\t\t\t\t\t\talt=\"Terrenos\"\r\n\t\t>\r\n\t\t                                <\/div>\r\n\t\t\t\t\t\t\t\r\n\t\t\t\t\t\t\t\r\n\t\t\t\t\t\t\t                                <div class=\"mh-caption\">\r\n\r\n\t\t\t\t\t\t\t\t\t\r\n                                <\/div>\r\n\t\t\t\t\t\t\t\r\n                            <div class=\"mh-estate-vertical__text\">\r\n                                <div class=\"mh-estate-vertical__text__inner\">\r\n\t\t\t\t\t\t\t\t\tAqu\u00ed va la informaci\u00f3n de la propiedad.\r\n                                <\/div>\r\n                            <\/div>\r\n                        <\/a>\r\n\r\n                        <div class=\"mh-estate-vertical__content\">\r\n                            <h3 class=\"mh-estate-vertical__heading\">\r\n                                <a href=\"https:\/\/www.industrialdetijuana.com\/es\/properties\/terrenos\/\"\r\n                                   title=\"Terrenos\"\r\n\t\t\t\t\t\t\t\t\t                                >\r\n\t\t\t\t\t\t\t\t\tTerrenos                                <\/a>\r\n                            <\/h3>\r\n\r\n\t\t\t\t\t\t\t                                <address class=\"mh-estate-vertical__subheading\">\r\n                                    <i class=\"flaticon-pin\"><\/i>\r\n\t\t\t\t\t\t\t\t\tZona Urbana Rio Tijuana, Tijuana, Baja California, Mexico                                <\/address>\r\n\t\t\t\t\t\t\t\r\n                            <div class=\"mh-estate-vertical__primary\">\r\n\t\t\t\t\t\t\t\t\t\t\t\t\t\t\t\t\t                                        <div\r\n\t\t\t\t\t\t\t\t\t\t\t>\r\n\t\t\t\t\t\t\t\t\t\t\t$850,000                                        <\/div>\r\n\t\t\t\t\t\t\t\t\t\t\t\t\t\t\t\t\t                            <\/div>\r\n\r\n                            <div>\r\n                                <div class=\"mh-estate__list\">\r\n\t\t\t\t\t\t\t\t\t\r\n                                        <div class=\"mh-estate-vertical__more-info mh-attribute__category\">\r\n                                            <strong>\r\n\t\t\t\t\t\t\t\t\t\t\t\t\t\t\t\t\t\t\t\t\t\t\t\t\tCategor\u00eda:\r\n\t\t\t\t\t\t\t\t\t\t\t\t                                            <\/strong>\r\n\r\n\t\t\t\t\t\t\t\t\t\t\tTerrenos\r\n                                        <\/div>\r\n\r\n\t\t\t\t\t\t\t\t\t                                <\/div>\r\n                            <\/div>\r\n\r\n                            <div class=\"mh-estate-vertical__bottom\">\r\n                                <div class=\"mh-estate-vertical__bottom__inner\">\r\n\r\n\t\t\t\t\t\t\t\t\t                                        <div class=\"mh-estate-vertical__date\">\r\n\t\t\t\t\t\t\t\t\t\t\thace 9 a\u00f1os                                        <\/div>\r\n\t\t\t\t\t\t\t\t\t\r\n                                    <div class=\"mh-estate-vertical__buttons-wrapper\">\r\n                                        <div class=\"mh-estate-vertical__buttons\">\r\n\r\n\t\t\t\t\t\t\t\t\t\t\t\r\n                                            <div class=\"mh-estate-vertical__buttons__single\">\r\n                                                <a href=\"https:\/\/www.industrialdetijuana.com\/es\/properties\/terrenos\/\"\r\n                                                   title=\"Terrenos\"\r\n                                                   class=\"mdl-button mdl-js-button mdl-button--raised mdl-button--primary-ghost\"\r\n\t\t\t\t\t\t\t\t\t\t\t\t\t                                                >\r\n\t\t\t\t\t\t\t\t\t\t\t\t\tDetalles                                                    <span class=\"mdl-button__icon-right\">\r\n                                                    <i class=\"fas fa-angle-right\"><\/i>\r\n                                                <\/span>\r\n                                                <\/a>\r\n                                            <\/div>\r\n                                        <\/div>\r\n                                    <\/div>\r\n                                <\/div>\r\n                            <\/div>\r\n                        <\/div>\r\n                    <\/article>\r\n                <\/div>\r\n            <\/div>\r\n\t\t    <\/div>\r\n\r\n[\/vc_column][\/vc_row][vc_row][vc_column][vc_column_text]<\/p>\n<section>\u00bfBuscas <strong>terrenos industriales en venta en Tijuana<\/strong>? Tenemos una selecci\u00f3n exclusiva de lotes ideales para proyectos industriales, log\u00edsticos y comerciales. Nuestros terrenos incluyen <strong>lotes urbanizados<\/strong>, <strong>terrenos en parques industriales<\/strong> y <strong>predios estrat\u00e9gicos<\/strong> cercanos a la frontera con EE.UU. Si est\u00e1s expandiendo tu empresa o iniciando una nueva operaci\u00f3n, esta es la oportunidad ideal para adquirir ubicaci\u00f3n, conectividad y desarrollo. Cont\u00e1ctanos para precios, disponibilidad y asesor\u00eda especializada.<\/p>\n<\/section>\n<p>[\/vc_column_text][\/vc_column][\/vc_row]<\/p>\n<\/div>","protected":false},"excerpt":{"rendered":"<p>[vc_row full_width=&#8221;stretch_row_content_no_spaces&#8221;][vc_column][\/vc_column][\/vc_row][vc_row][vc_column][\/vc_column][\/vc_row][vc_row disable_element=&#8221;yes&#8221;][vc_column][\/vc_column][\/vc_row][vc_row][vc_column][vc_column_text] \u00bfBuscas terrenos industriales en venta en Tijuana? Tenemos una selecci\u00f3n exclusiva de lotes ideales para proyectos industriales, log\u00edsticos y comerciales. Nuestros terrenos incluyen lotes urbanizados, terrenos en parques industriales y predios estrat\u00e9gicos cercanos a la frontera con EE.UU. Si est\u00e1s expandiendo tu empresa o iniciando una nueva operaci\u00f3n, esta es la oportunidad [&hellip;]<\/p>\n","protected":false},"author":2,"featured_media":0,"parent":0,"menu_order":0,"comment_status":"closed","ping_status":"closed","template":"","meta":{"_acf_changed":false,"footnotes":""},"class_list":["post-4412","page","type-page","status-publish","hentry"],"acf":{"page_header":"default"},"_links":{"self":[{"href":"https:\/\/www.industrialdetijuana.com\/es\/wp-json\/wp\/v2\/pages\/4412","targetHints":{"allow":["GET"]}}],"collection":[{"href":"https:\/\/www.industrialdetijuana.com\/es\/wp-json\/wp\/v2\/pages"}],"about":[{"href":"https:\/\/www.industrialdetijuana.com\/es\/wp-json\/wp\/v2\/types\/page"}],"author":[{"embeddable":true,"href":"https:\/\/www.industrialdetijuana.com\/es\/wp-json\/wp\/v2\/users\/2"}],"replies":[{"embeddable":true,"href":"https:\/\/www.industrialdetijuana.com\/es\/wp-json\/wp\/v2\/comments?post=4412"}],"version-history":[{"count":10,"href":"https:\/\/www.industrialdetijuana.com\/es\/wp-json\/wp\/v2\/pages\/4412\/revisions"}],"predecessor-version":[{"id":6533,"href":"https:\/\/www.industrialdetijuana.com\/es\/wp-json\/wp\/v2\/pages\/4412\/revisions\/6533"}],"wp:attachment":[{"href":"https:\/\/www.industrialdetijuana.com\/es\/wp-json\/wp\/v2\/media?parent=4412"}],"curies":[{"name":"wp","href":"https:\/\/api.w.org\/{rel}","templated":true}]}}