{"id":4416,"date":"2024-04-23T18:02:05","date_gmt":"2024-04-23T18:02:05","guid":{"rendered":"https:\/\/engage.com.mx\/industrial\/locales-comerciales\/"},"modified":"2025-07-05T18:14:38","modified_gmt":"2025-07-05T18:14:38","slug":"locales-comerciales","status":"publish","type":"page","link":"https:\/\/www.industrialdetijuana.com\/es\/locales-comerciales\/","title":{"rendered":"Locales comerciales"},"content":{"rendered":"<div class=\"wpb-content-wrapper\"><p>[vc_row disable_element=&#8221;yes&#8221;][vc_column]    <div class=\"mh-grid\">\r\n\t\t    <\/div>\r\n\r\n[\/vc_column][\/vc_row][vc_row full_width=&#8221;stretch_row_content_no_spaces&#8221;][vc_column]\t\t<listing-map\r\n\t\t\tid=\"myhome-listing-map\"\r\n\t\t\tconfig-key=\"MyHomeMapListing1776369640\"\r\n\t\t\t\t\t\t\t\t>\r\n\t\t<\/listing-map>\r\n\t\t[\/vc_column][\/vc_row][vc_row][vc_column]\t\t<listing-grid\r\n\t\t\tid=\"myhome-listing-grid\"\r\n\t\t\tclass=\"\"\r\n\t\t\tconfig-key='MyHomeListing1776369640'\r\n\t\t>\r\n\t\t\t\t\t<\/listing-grid>\r\n\t\t[\/vc_column][\/vc_row][vc_row][vc_column][vc_column_text]<\/p>\n<section>Explora nuestra selecci\u00f3n de <strong>locales comerciales en renta en Tijuana<\/strong>, ubicados en zonas de alto tr\u00e1nsito vehicular y peatonal. Contamos con <strong>espacios comerciales<\/strong> ideales para servicios, restaurantes, oficinas y negocios locales. Nuestros listados incluyen <strong>locales en parques industriales<\/strong>, \u00e1reas residenciales y zonas emergentes con alta visibilidad. Ya sea que est\u00e9s comenzando o expandiendo tu negocio, aqu\u00ed encontrar\u00e1s la ubicaci\u00f3n ideal para crecer.<\/section>\n<p>[\/vc_column_text][\/vc_column][\/vc_row]<\/p>\n<\/div>","protected":false},"excerpt":{"rendered":"<p>[vc_row disable_element=&#8221;yes&#8221;][vc_column][\/vc_column][\/vc_row][vc_row full_width=&#8221;stretch_row_content_no_spaces&#8221;][vc_column][\/vc_column][\/vc_row][vc_row][vc_column][\/vc_column][\/vc_row][vc_row][vc_column][vc_column_text] Explora nuestra selecci\u00f3n de locales comerciales en renta en Tijuana, ubicados en zonas de alto tr\u00e1nsito vehicular y peatonal. Contamos con espacios comerciales ideales para servicios, restaurantes, oficinas y negocios locales. Nuestros listados incluyen locales en parques industriales, \u00e1reas residenciales y zonas emergentes con alta visibilidad. Ya sea que est\u00e9s comenzando o [&hellip;]<\/p>\n","protected":false},"author":2,"featured_media":0,"parent":0,"menu_order":0,"comment_status":"closed","ping_status":"closed","template":"","meta":{"_acf_changed":false,"footnotes":""},"class_list":["post-4416","page","type-page","status-publish","hentry"],"acf":{"page_header":"default"},"_links":{"self":[{"href":"https:\/\/www.industrialdetijuana.com\/es\/wp-json\/wp\/v2\/pages\/4416","targetHints":{"allow":["GET"]}}],"collection":[{"href":"https:\/\/www.industrialdetijuana.com\/es\/wp-json\/wp\/v2\/pages"}],"about":[{"href":"https:\/\/www.industrialdetijuana.com\/es\/wp-json\/wp\/v2\/types\/page"}],"author":[{"embeddable":true,"href":"https:\/\/www.industrialdetijuana.com\/es\/wp-json\/wp\/v2\/users\/2"}],"replies":[{"embeddable":true,"href":"https:\/\/www.industrialdetijuana.com\/es\/wp-json\/wp\/v2\/comments?post=4416"}],"version-history":[{"count":7,"href":"https:\/\/www.industrialdetijuana.com\/es\/wp-json\/wp\/v2\/pages\/4416\/revisions"}],"predecessor-version":[{"id":6850,"href":"https:\/\/www.industrialdetijuana.com\/es\/wp-json\/wp\/v2\/pages\/4416\/revisions\/6850"}],"wp:attachment":[{"href":"https:\/\/www.industrialdetijuana.com\/es\/wp-json\/wp\/v2\/media?parent=4416"}],"curies":[{"name":"wp","href":"https:\/\/api.w.org\/{rel}","templated":true}]}}