{"id":4420,"date":"2024-04-23T18:02:27","date_gmt":"2024-04-23T18:02:27","guid":{"rendered":"https:\/\/engage.com.mx\/industrial\/oficinas\/"},"modified":"2025-06-13T22:57:04","modified_gmt":"2025-06-13T22:57:04","slug":"bodegas","status":"publish","type":"page","link":"https:\/\/www.industrialdetijuana.com\/es\/bodegas\/","title":{"rendered":"Bodegas"},"content":{"rendered":"<div class=\"wpb-content-wrapper\"><p>[vc_row disable_element=&#8221;yes&#8221;][vc_column]    <div class=\"mh-grid\">\r\n\t\t    <\/div>\r\n\r\n[\/vc_column][\/vc_row][vc_row full_width=&#8221;stretch_row_content_no_spaces&#8221;][vc_column]\t\t<listing-map\r\n\t\t\tid=\"myhome-listing-map\"\r\n\t\t\tconfig-key=\"MyHomeMapListing1776847418\"\r\n\t\t\t\t\t\t\t\t>\r\n\t\t<\/listing-map>\r\n\t\t[\/vc_column][\/vc_row][vc_row][vc_column]\t\t<listing-grid\r\n\t\t\tid=\"myhome-listing-grid\"\r\n\t\t\tclass=\"\"\r\n\t\t\tconfig-key='MyHomeListing1776847418'\r\n\t\t>\r\n\t\t\t\t\t<\/listing-grid>\r\n\t\t[\/vc_column][\/vc_row][vc_row][vc_column][vc_column_text]<\/p>\n<section>Explora nuestra selecci\u00f3n de <strong>bodegas industriales en Tijuana<\/strong> en renta o venta, ubicadas en zonas estrat\u00e9gicas como FINSA, Pac\u00edfico y Chilpancingo. Estas <strong>naves industriales<\/strong> cuentan con caracter\u00edsticas como andenes de carga, techos altos y pisos de uso rudo, ideales para operaciones log\u00edsticas, de almacenamiento o manufactura. Si est\u00e1s buscando expandir, reubicar o invertir, te ayudamos a encontrar la <strong>bodega en Tijuana<\/strong> que maximice la eficiencia y acelere el crecimiento de tu empresa.<\/p>\n<\/section>\n<p>[\/vc_column_text][\/vc_column][\/vc_row]<\/p>\n<\/div>","protected":false},"excerpt":{"rendered":"<p>[vc_row disable_element=&#8221;yes&#8221;][vc_column][\/vc_column][\/vc_row][vc_row full_width=&#8221;stretch_row_content_no_spaces&#8221;][vc_column][\/vc_column][\/vc_row][vc_row][vc_column][\/vc_column][\/vc_row][vc_row][vc_column][vc_column_text] Explora nuestra selecci\u00f3n de bodegas industriales en Tijuana en renta o venta, ubicadas en zonas estrat\u00e9gicas como FINSA, Pac\u00edfico y Chilpancingo. Estas naves industriales cuentan con caracter\u00edsticas como andenes de carga, techos altos y pisos de uso rudo, ideales para operaciones log\u00edsticas, de almacenamiento o manufactura. Si est\u00e1s buscando expandir, reubicar o [&hellip;]<\/p>\n","protected":false},"author":2,"featured_media":0,"parent":0,"menu_order":0,"comment_status":"closed","ping_status":"closed","template":"","meta":{"_acf_changed":false,"footnotes":""},"class_list":["post-4420","page","type-page","status-publish","hentry"],"acf":{"page_header":"default"},"_links":{"self":[{"href":"https:\/\/www.industrialdetijuana.com\/es\/wp-json\/wp\/v2\/pages\/4420","targetHints":{"allow":["GET"]}}],"collection":[{"href":"https:\/\/www.industrialdetijuana.com\/es\/wp-json\/wp\/v2\/pages"}],"about":[{"href":"https:\/\/www.industrialdetijuana.com\/es\/wp-json\/wp\/v2\/types\/page"}],"author":[{"embeddable":true,"href":"https:\/\/www.industrialdetijuana.com\/es\/wp-json\/wp\/v2\/users\/2"}],"replies":[{"embeddable":true,"href":"https:\/\/www.industrialdetijuana.com\/es\/wp-json\/wp\/v2\/comments?post=4420"}],"version-history":[{"count":4,"href":"https:\/\/www.industrialdetijuana.com\/es\/wp-json\/wp\/v2\/pages\/4420\/revisions"}],"predecessor-version":[{"id":6548,"href":"https:\/\/www.industrialdetijuana.com\/es\/wp-json\/wp\/v2\/pages\/4420\/revisions\/6548"}],"wp:attachment":[{"href":"https:\/\/www.industrialdetijuana.com\/es\/wp-json\/wp\/v2\/media?parent=4420"}],"curies":[{"name":"wp","href":"https:\/\/api.w.org\/{rel}","templated":true}]}}