{"id":4706,"date":"2024-07-30T19:46:53","date_gmt":"2024-07-30T19:46:53","guid":{"rendered":"https:\/\/engage.com.mx\/industrial\/?page_id=4706"},"modified":"2025-07-03T20:26:06","modified_gmt":"2025-07-03T20:26:06","slug":"historias-de-exito","status":"publish","type":"page","link":"https:\/\/www.industrialdetijuana.com\/es\/historias-de-exito\/","title":{"rendered":"Historias de \u00e9xito"},"content":{"rendered":"<div class=\"wpb-content-wrapper\"><p>[vc_row][vc_column]<div class=\" \">\r\n\t\r\n        <div class=\"mh-heading-wrapper\">\r\n            <h2            class=\"mh-heading  mh-heading--bottom-separator   \"\r\n            style=\"font-weight:700;\">\r\n\t\t\tHISTORIAS DE \u00c9XITO INMOBILIARIO INDUSTRIAL EN TIJUANA        <\/h2>\r\n\r\n\t\t    <\/div>\r\n\r\n\t<\/div>[vc_column_text]<\/p>\n<p data-start=\"894\" data-end=\"1233\">Bienvenido a nuestra colecci\u00f3n de historias de \u00e9xito inmobiliario industrial en Tijuana. Aqu\u00ed mostramos c\u00f3mo ayudamos a nuestros clientes a arrendar, vender o invertir en propiedades industriales estrat\u00e9gicas. Cada caso demuestra resultados tangibles, decisiones acertadas y un impacto medible.<\/p>\n<p>[\/vc_column_text][\/vc_column][\/vc_row][vc_row disable_element=&#8221;yes&#8221;][vc_column][vc_basic_grid post_type=&#8221;post&#8221; max_items=&#8221;10&#8243; grid_id=&#8221;vc_gid:1751574271938-b9b5548d-15d9-5&#8243; taxonomies=&#8221;102&#8243;][\/vc_column][\/vc_row][vc_row][vc_column][vc_masonry_grid post_type=&#8221;successful_stories&#8221; max_items=&#8221;10&#8243; style=&#8221;load-more&#8221; btn_title=&#8221;Cargar m\u00e1s&#8221; grid_id=&#8221;vc_gid:1751574271940-65305b18-ae62-8&#8243;][\/vc_column][\/vc_row]<\/p>\n<\/div>","protected":false},"excerpt":{"rendered":"<p>[vc_row][vc_column][vc_column_text] Bienvenido a nuestra colecci\u00f3n de historias de \u00e9xito inmobiliario industrial en Tijuana. Aqu\u00ed mostramos c\u00f3mo ayudamos a nuestros clientes a arrendar, vender o invertir en propiedades industriales estrat\u00e9gicas. Cada caso demuestra resultados tangibles, decisiones acertadas y un impacto medible. [\/vc_column_text][\/vc_column][\/vc_row][vc_row disable_element=&#8221;yes&#8221;][vc_column][vc_basic_grid post_type=&#8221;post&#8221; max_items=&#8221;10&#8243; grid_id=&#8221;vc_gid:1751574271938-b9b5548d-15d9-5&#8243; taxonomies=&#8221;102&#8243;][\/vc_column][\/vc_row][vc_row][vc_column][vc_masonry_grid post_type=&#8221;successful_stories&#8221; max_items=&#8221;10&#8243; style=&#8221;load-more&#8221; btn_title=&#8221;Cargar m\u00e1s&#8221; grid_id=&#8221;vc_gid:1751574271940-65305b18-ae62-8&#8243;][\/vc_column][\/vc_row]<\/p>\n","protected":false},"author":12,"featured_media":0,"parent":0,"menu_order":0,"comment_status":"closed","ping_status":"closed","template":"","meta":{"_acf_changed":false,"footnotes":""},"class_list":["post-4706","page","type-page","status-publish","hentry"],"acf":{"page_header":"default"},"_links":{"self":[{"href":"https:\/\/www.industrialdetijuana.com\/es\/wp-json\/wp\/v2\/pages\/4706","targetHints":{"allow":["GET"]}}],"collection":[{"href":"https:\/\/www.industrialdetijuana.com\/es\/wp-json\/wp\/v2\/pages"}],"about":[{"href":"https:\/\/www.industrialdetijuana.com\/es\/wp-json\/wp\/v2\/types\/page"}],"author":[{"embeddable":true,"href":"https:\/\/www.industrialdetijuana.com\/es\/wp-json\/wp\/v2\/users\/12"}],"replies":[{"embeddable":true,"href":"https:\/\/www.industrialdetijuana.com\/es\/wp-json\/wp\/v2\/comments?post=4706"}],"version-history":[{"count":9,"href":"https:\/\/www.industrialdetijuana.com\/es\/wp-json\/wp\/v2\/pages\/4706\/revisions"}],"predecessor-version":[{"id":6785,"href":"https:\/\/www.industrialdetijuana.com\/es\/wp-json\/wp\/v2\/pages\/4706\/revisions\/6785"}],"wp:attachment":[{"href":"https:\/\/www.industrialdetijuana.com\/es\/wp-json\/wp\/v2\/media?parent=4706"}],"curies":[{"name":"wp","href":"https:\/\/api.w.org\/{rel}","templated":true}]}}